{"id":2,"date":"2025-02-20T09:54:53","date_gmt":"2025-02-20T09:54:53","guid":{"rendered":"http:\/\/foerderverein-pestalozzi.org\/?page_id=2"},"modified":"2025-08-06T17:46:35","modified_gmt":"2025-08-06T17:46:35","slug":"sample-page","status":"publish","type":"page","link":"https:\/\/foerderverein-pestalozzi.org\/","title":{"rendered":"Unterst\u00fctzt uns"},"content":{"rendered":"\n<p>F\u00fcr euch ist es auch etwas besonderes, das Beste was ihr habt (Eure Kinder), morgens in der Kita abzugeben und erst nachmittags wieder abzuholen?<\/p>\n\n\n\n<p>Ihr wollt auch, dass die Kita f\u00fcr eure Kids eine besondere und richtig sch\u00f6ne Erfahrung ist?<\/p>\n\n\n\n<p>Dann lasst uns der Kita helfen, durch unsere Unterst\u00fctzung.<\/p>\n\n\n\n<p>Die b\u00fcrokratischen H\u00fcrden sind an vielen Stellen schon wahnsinnig hoch f\u00fcr die Leitung und Mitarbeiter. <br>Lasst uns durch unseren Einsatz, unsere Kontakte und auch unsere Spenden helfen, dass die Kita rund l\u00e4uft.<\/p>\n\n\n\n<blockquote class=\"wp-block-quote is-layout-flow wp-block-quote-is-layout-flow\">\n<p><\/p>\n<\/blockquote>\n\n\n\n<p class=\"has-large-font-size\"><strong>Werde Mitglied im F\u00f6rderverein und w\u00e4hle frei ab 35\u20ac\/Jahr deinen Mitgliedsbeitrag.<\/strong><\/p>\n\n\n\n<p class=\"has-large-font-size\"><strong>Oder Spende hier<\/strong>: <\/p>\n\n\n\n<p>Konto: Verein der Freunde und F\u00f6rderer des ev. Pestalozzi Kinderhauses e.V.<\/p>\n\n\n\n<p>IBAN: DE28350601901010099010<\/p>\n\n\n\n<p>BIC: GENODED1DKD<\/p>\n\n\n\n<p class=\"has-large-font-size\"><strong>Oder Hilf uns einfach durch dein Engagement. Trete \u00fcber die WhatsApp Community der Kita in unsere F\u00f6rderverein Gruppe ein und beteilige dich an Aktionen.<\/strong><\/p>\n","protected":false},"excerpt":{"rendered":"<p>F\u00fcr euch ist es auch etwas besonderes, das Beste was ihr habt (Eure Kinder), morgens in der Kita abzugeben und erst nachmittags wieder abzuholen? Ihr wollt auch, dass die Kita [&hellip;]<\/p>\n","protected":false},"author":1,"featured_media":0,"parent":0,"menu_order":0,"comment_status":"closed","ping_status":"open","template":"","meta":{"_EventAllDay":false,"_EventTimezone":"","_EventStartDate":"","_EventEndDate":"","_EventStartDateUTC":"","_EventEndDateUTC":"","_EventShowMap":false,"_EventShowMapLink":false,"_EventURL":"","_EventCost":"","_EventCostDescription":"","_EventCurrencySymbol":"","_EventCurrencyCode":"","_EventCurrencyPosition":"","_EventDateTimeSeparator":"","_EventTimeRangeSeparator":"","_EventOrganizerID":[],"_EventVenueID":[],"_OrganizerEmail":"","_OrganizerPhone":"","_OrganizerWebsite":"","_VenueAddress":"","_VenueCity":"","_VenueCountry":"","_VenueProvince":"","_VenueState":"","_VenueZip":"","_VenuePhone":"","_VenueURL":"","_VenueStateProvince":"","_VenueLat":"","_VenueLng":"","_VenueShowMap":false,"_VenueShowMapLink":false,"footnotes":""},"class_list":["post-2","page","type-page","status-publish","hentry"],"_links":{"self":[{"href":"https:\/\/foerderverein-pestalozzi.org\/index.php?rest_route=\/wp\/v2\/pages\/2","targetHints":{"allow":["GET"]}}],"collection":[{"href":"https:\/\/foerderverein-pestalozzi.org\/index.php?rest_route=\/wp\/v2\/pages"}],"about":[{"href":"https:\/\/foerderverein-pestalozzi.org\/index.php?rest_route=\/wp\/v2\/types\/page"}],"author":[{"embeddable":true,"href":"https:\/\/foerderverein-pestalozzi.org\/index.php?rest_route=\/wp\/v2\/users\/1"}],"replies":[{"embeddable":true,"href":"https:\/\/foerderverein-pestalozzi.org\/index.php?rest_route=%2Fwp%2Fv2%2Fcomments&post=2"}],"version-history":[{"count":4,"href":"https:\/\/foerderverein-pestalozzi.org\/index.php?rest_route=\/wp\/v2\/pages\/2\/revisions"}],"predecessor-version":[{"id":43,"href":"https:\/\/foerderverein-pestalozzi.org\/index.php?rest_route=\/wp\/v2\/pages\/2\/revisions\/43"}],"wp:attachment":[{"href":"https:\/\/foerderverein-pestalozzi.org\/index.php?rest_route=%2Fwp%2Fv2%2Fmedia&parent=2"}],"curies":[{"name":"wp","href":"https:\/\/api.w.org\/{rel}","templated":true}]}}